{"id":2,"date":"2014-03-04T07:41:59","date_gmt":"2014-03-04T07:41:59","guid":{"rendered":"http:\/\/localhost\/wordpress-3.8\/wordpress\/?page_id=2"},"modified":"2017-01-12T08:10:42","modified_gmt":"2017-01-12T08:10:42","slug":"sample-page","status":"publish","type":"page","link":"http:\/\/suluova2noluasm.com\/?page_id=2","title":{"rendered":"Aile Hekimlerimiz"},"content":{"rendered":"<p><a href=\"http:\/\/suluova2noluasm.com\/wp-content\/uploads\/2014\/03\/20140414_165503.jpg\"><img decoding=\"async\" loading=\"lazy\" class=\"alignnone size-medium wp-image-47\" alt=\"20140414_165503\" src=\"http:\/\/suluova2noluasm.com\/wp-content\/uploads\/2014\/03\/20140414_165503-300x225.jpg\" width=\"300\" height=\"225\" srcset=\"http:\/\/suluova2noluasm.com\/wp-content\/uploads\/2014\/03\/20140414_165503-300x225.jpg 300w, http:\/\/suluova2noluasm.com\/wp-content\/uploads\/2014\/03\/20140414_165503-1024x768.jpg 1024w, http:\/\/suluova2noluasm.com\/wp-content\/uploads\/2014\/03\/20140414_165503-870x652.jpg 870w, http:\/\/suluova2noluasm.com\/wp-content\/uploads\/2014\/03\/20140414_165503-120x90.jpg 120w, http:\/\/suluova2noluasm.com\/wp-content\/uploads\/2014\/03\/20140414_165503-180x135.jpg 180w, http:\/\/suluova2noluasm.com\/wp-content\/uploads\/2014\/03\/20140414_165503-256x192.jpg 256w, http:\/\/suluova2noluasm.com\/wp-content\/uploads\/2014\/03\/20140414_165503-360x270.jpg 360w, http:\/\/suluova2noluasm.com\/wp-content\/uploads\/2014\/03\/20140414_165503-480x360.jpg 480w\" sizes=\"(max-width: 300px) 100vw, 300px\" \/><\/a><br \/>\n<strong>Dr. Ercan ERSANLI<\/strong><\/p>\n<div>\n<p>Tel : 0 358 417 44 04<br \/>\nHer Cuma 08:00 &#8211; 12:00\u00a0 aras\u0131 Mobil Hizmet<br \/>\nBoyal\u0131 K\u00f6y\u00fc, Harmana\u011f\u0131l\u0131 K\u00f6y\u00fc, Yolp\u0131nar K\u00f6y\u00fc<\/p>\n<\/div>\n<p><a href=\"http:\/\/suluova2noluasm.com\/wp-content\/uploads\/2014\/03\/a2e99644-096c-4a93-b4da-c2bebeef520a.jpg\"><img decoding=\"async\" loading=\"lazy\" class=\"alignnone size-medium wp-image-40\" alt=\"mehmetcelik\" src=\"http:\/\/suluova2noluasm.com\/wp-content\/uploads\/2014\/03\/a2e99644-096c-4a93-b4da-c2bebeef520a.jpg\" width=\"300\" height=\"168\" \/><\/a><\/p>\n<p><strong>Dr\u00a0\u0130smail DEM\u0130R<br \/>\n<\/strong><br \/>\nTel : 0 358 417 98 33<br \/>\n<a href=\"http:\/\/suluova2noluasm.com\/wp-content\/uploads\/2014\/03\/tamergoker1.jpg\"><img decoding=\"async\" loading=\"lazy\" class=\"alignnone  wp-image-41\" alt=\"tamergoker\" src=\"http:\/\/suluova2noluasm.com\/wp-content\/uploads\/2014\/03\/tamergoker1-300x168.jpg\" width=\"300\" height=\"168\" srcset=\"http:\/\/suluova2noluasm.com\/wp-content\/uploads\/2014\/03\/tamergoker1-300x168.jpg 300w, http:\/\/suluova2noluasm.com\/wp-content\/uploads\/2014\/03\/tamergoker1-160x90.jpg 160w, http:\/\/suluova2noluasm.com\/wp-content\/uploads\/2014\/03\/tamergoker1-240x135.jpg 240w, http:\/\/suluova2noluasm.com\/wp-content\/uploads\/2014\/03\/tamergoker1.jpg 320w\" sizes=\"(max-width: 300px) 100vw, 300px\" \/><\/a><\/p>\n<p><strong>Dr Tamer G\u00d6KER<\/strong><\/p>\n<div>\n<p>Tel : 0 358 417 12 52<br \/>\nHer \u00c7ar\u015famba 13:00 &#8211; 17:00 aras\u0131 Mobil Hizmet<br \/>\nDerek\u00f6y, Ak\u00f6ren<\/p>\n<\/div>\n","protected":false},"excerpt":{"rendered":"<p>Dr. Ercan ERSANLI Tel : 0 358 417 44 04 Her Cuma 08:00 &#8211; 12:00\u00a0 aras\u0131 Mobil Hizmet Boyal\u0131 K\u00f6y\u00fc, Harmana\u011f\u0131l\u0131 K\u00f6y\u00fc, Yolp\u0131nar K\u00f6y\u00fc Dr\u00a0\u0130smail DEM\u0130R Tel : 0 358 417 98 33 Dr Tamer G\u00d6KER Tel : 0 358 417 12 52 Her \u00c7ar\u015famba 13:00 &#8211; 17:00 aras\u0131 Mobil Hizmet Derek\u00f6y, Ak\u00f6ren<\/p>\n","protected":false},"author":1,"featured_media":0,"parent":0,"menu_order":0,"comment_status":"closed","ping_status":"closed","template":"","meta":[],"_links":{"self":[{"href":"http:\/\/suluova2noluasm.com\/index.php?rest_route=\/wp\/v2\/pages\/2"}],"collection":[{"href":"http:\/\/suluova2noluasm.com\/index.php?rest_route=\/wp\/v2\/pages"}],"about":[{"href":"http:\/\/suluova2noluasm.com\/index.php?rest_route=\/wp\/v2\/types\/page"}],"author":[{"embeddable":true,"href":"http:\/\/suluova2noluasm.com\/index.php?rest_route=\/wp\/v2\/users\/1"}],"replies":[{"embeddable":true,"href":"http:\/\/suluova2noluasm.com\/index.php?rest_route=%2Fwp%2Fv2%2Fcomments&post=2"}],"version-history":[{"count":4,"href":"http:\/\/suluova2noluasm.com\/index.php?rest_route=\/wp\/v2\/pages\/2\/revisions"}],"predecessor-version":[{"id":53,"href":"http:\/\/suluova2noluasm.com\/index.php?rest_route=\/wp\/v2\/pages\/2\/revisions\/53"}],"wp:attachment":[{"href":"http:\/\/suluova2noluasm.com\/index.php?rest_route=%2Fwp%2Fv2%2Fmedia&parent=2"}],"curies":[{"name":"wp","href":"https:\/\/api.w.org\/{rel}","templated":true}]}}