{"id":14,"date":"2014-03-04T08:14:03","date_gmt":"2014-03-04T08:14:03","guid":{"rendered":"http:\/\/suluova2noluasm.com\/?page_id=14"},"modified":"2017-01-12T08:11:28","modified_gmt":"2017-01-12T08:11:28","slug":"iletisim","status":"publish","type":"page","link":"http:\/\/suluova2noluasm.com\/?page_id=14","title":{"rendered":"\u0130leti\u015fim"},"content":{"rendered":"<p>Adres : Orta Mah. Fatih Cad. No:43 Suluova \/ Amasya<\/p>\n<p>Dr.\u00a0\u0130smail DEM\u0130R<br \/>\nTel : 0 358 417 98 33<\/p>\n<p>Dr. Tamer G\u00d6KER<br \/>\nTel : 0 358 417 12 52<\/p>\n<p>Dr Ercan ERSANLI<br \/>\nTel : 0 358 417 44 04<\/p>\n<p>Harita :<br \/>\n<iframe loading=\"lazy\" src=\"https:\/\/maps.google.com\/maps?f=d&amp;source=s_d&amp;saddr=&amp;daddr=amasya+suluova+fatih+cad+no:43&amp;hl=tr&amp;geocode=&amp;sll=40.834968,35.646388&amp;sspn=0.006575,0.015525&amp;g=amasya+suluova+fatih+cad+no:43&amp;mra=ls&amp;ie=UTF8&amp;t=m&amp;ll=40.834967,35.646386&amp;spn=0.007793,0.013733&amp;z=16&amp;output=embed\" height=\"480\" width=\"640\" frameborder=\"0\" marginwidth=\"0\" marginheight=\"0\" scrolling=\"no\"><\/iframe><br \/>\n<small><a style=\"color: #0000ff; text-align: left;\" href=\"https:\/\/maps.google.com\/maps?f=d&amp;source=embed&amp;saddr=&amp;daddr=amasya+suluova+fatih+cad+no:43&amp;hl=tr&amp;geocode=&amp;sll=40.834968,35.646388&amp;sspn=0.006575,0.015525&amp;g=amasya+suluova+fatih+cad+no:43&amp;mra=ls&amp;ie=UTF8&amp;t=m&amp;ll=40.834967,35.646386&amp;spn=0.007793,0.013733&amp;z=16\">Daha B\u00fcy\u00fck G\u00f6r\u00fcnt\u00fcle<\/a><\/small><\/p>\n","protected":false},"excerpt":{"rendered":"<p>Adres : Orta Mah. Fatih Cad. No:43 Suluova \/ Amasya Dr.\u00a0\u0130smail DEM\u0130R Tel : 0 358 417 98 33 Dr. Tamer G\u00d6KER Tel : 0 358 417 12 52 Dr Ercan ERSANLI Tel : 0 358 417 44 04 Harita : Daha B\u00fcy\u00fck G\u00f6r\u00fcnt\u00fcle<\/p>\n","protected":false},"author":1,"featured_media":0,"parent":0,"menu_order":0,"comment_status":"closed","ping_status":"closed","template":"","meta":[],"_links":{"self":[{"href":"http:\/\/suluova2noluasm.com\/index.php?rest_route=\/wp\/v2\/pages\/14"}],"collection":[{"href":"http:\/\/suluova2noluasm.com\/index.php?rest_route=\/wp\/v2\/pages"}],"about":[{"href":"http:\/\/suluova2noluasm.com\/index.php?rest_route=\/wp\/v2\/types\/page"}],"author":[{"embeddable":true,"href":"http:\/\/suluova2noluasm.com\/index.php?rest_route=\/wp\/v2\/users\/1"}],"replies":[{"embeddable":true,"href":"http:\/\/suluova2noluasm.com\/index.php?rest_route=%2Fwp%2Fv2%2Fcomments&post=14"}],"version-history":[{"count":5,"href":"http:\/\/suluova2noluasm.com\/index.php?rest_route=\/wp\/v2\/pages\/14\/revisions"}],"predecessor-version":[{"id":54,"href":"http:\/\/suluova2noluasm.com\/index.php?rest_route=\/wp\/v2\/pages\/14\/revisions\/54"}],"wp:attachment":[{"href":"http:\/\/suluova2noluasm.com\/index.php?rest_route=%2Fwp%2Fv2%2Fmedia&parent=14"}],"curies":[{"name":"wp","href":"https:\/\/api.w.org\/{rel}","templated":true}]}}