{"id":12,"date":"2014-03-04T08:13:32","date_gmt":"2014-03-04T08:13:32","guid":{"rendered":"http:\/\/suluova2noluasm.com\/?page_id=12"},"modified":"2014-03-04T09:02:53","modified_gmt":"2014-03-04T09:02:53","slug":"hakkimizda","status":"publish","type":"page","link":"http:\/\/suluova2noluasm.com\/?page_id=12","title":{"rendered":"Hakk\u0131m\u0131zda"},"content":{"rendered":"<p>Suluova\u00a02 Nolu Aile Sa\u011fl\u0131\u011f\u0131 Merkezi resmi tatil g\u00fcnleri d\u0131\u015f\u0131nda sabah 08:00 ak\u015fam 17:00 saatleri aras\u0131nda hizmet vermektedir.<\/p>\n<p>Poliklinik saatleri 08:30-11:30\/13.30-16:00 saatleri aras\u0131ndad\u0131r.Hastalar\u0131m\u0131z muayeneye gelirken Aile Hekimlerinin \u00e7al\u0131\u015fma saatlerini g\u00f6z \u00f6n\u00fcnde bulundurmalar\u0131 gereklidir.<\/p>\n","protected":false},"excerpt":{"rendered":"<p>Suluova\u00a02 Nolu Aile Sa\u011fl\u0131\u011f\u0131 Merkezi resmi tatil g\u00fcnleri d\u0131\u015f\u0131nda sabah 08:00 ak\u015fam 17:00 saatleri aras\u0131nda hizmet vermektedir. Poliklinik saatleri 08:30-11:30\/13.30-16:00 saatleri aras\u0131ndad\u0131r.Hastalar\u0131m\u0131z muayeneye gelirken Aile Hekimlerinin \u00e7al\u0131\u015fma saatlerini g\u00f6z \u00f6n\u00fcnde bulundurmalar\u0131 gereklidir.<\/p>\n","protected":false},"author":1,"featured_media":0,"parent":0,"menu_order":0,"comment_status":"closed","ping_status":"closed","template":"","meta":[],"_links":{"self":[{"href":"http:\/\/suluova2noluasm.com\/index.php?rest_route=\/wp\/v2\/pages\/12"}],"collection":[{"href":"http:\/\/suluova2noluasm.com\/index.php?rest_route=\/wp\/v2\/pages"}],"about":[{"href":"http:\/\/suluova2noluasm.com\/index.php?rest_route=\/wp\/v2\/types\/page"}],"author":[{"embeddable":true,"href":"http:\/\/suluova2noluasm.com\/index.php?rest_route=\/wp\/v2\/users\/1"}],"replies":[{"embeddable":true,"href":"http:\/\/suluova2noluasm.com\/index.php?rest_route=%2Fwp%2Fv2%2Fcomments&post=12"}],"version-history":[{"count":2,"href":"http:\/\/suluova2noluasm.com\/index.php?rest_route=\/wp\/v2\/pages\/12\/revisions"}],"predecessor-version":[{"id":35,"href":"http:\/\/suluova2noluasm.com\/index.php?rest_route=\/wp\/v2\/pages\/12\/revisions\/35"}],"wp:attachment":[{"href":"http:\/\/suluova2noluasm.com\/index.php?rest_route=%2Fwp%2Fv2%2Fmedia&parent=12"}],"curies":[{"name":"wp","href":"https:\/\/api.w.org\/{rel}","templated":true}]}}